{"id":5651,"date":"2025-01-13T16:09:28","date_gmt":"2025-01-13T13:09:28","guid":{"rendered":"https:\/\/www.hotelsu.com.tr\/?page_id=5651"},"modified":"2026-02-13T11:24:33","modified_gmt":"2026-02-13T08:24:33","slug":"oduller-sertifikalar","status":"publish","type":"page","link":"https:\/\/www.hotelsu.com.tr\/index.php\/oduller-sertifikalar\/","title":{"rendered":"\u00d6d\u00fcller &#038; Sertifikalar"},"content":{"rendered":"\t\t<div data-elementor-type=\"wp-page\" data-elementor-id=\"5651\" class=\"elementor elementor-5651\">\n\t\t\t\t<div class=\"elementor-element elementor-element-624d0ea e-flex e-con-boxed e-con e-parent\" data-id=\"624d0ea\" data-element_type=\"container\">\n\t\t\t\t\t<div class=\"e-con-inner\">\n\t\t\t\t<div class=\"elementor-element elementor-element-29f1370 elementor-align-center elementor-widget elementor-widget-heading\" data-id=\"29f1370\" data-element_type=\"widget\" data-widget_type=\"heading.default\">\n\t\t\t\t<div class=\"elementor-widget-container\">\n\t\t\t\t\t<h2 class=\"elementor-heading-title elementor-size-default\">\u00d6d\u00fcller<\/h2>\t\t\t\t<\/div>\n\t\t\t\t<\/div>\n\t\t\t\t\t<\/div>\n\t\t\t\t<\/div>\n\t\t<div class=\"elementor-element elementor-element-ef62b78 e-flex e-con-boxed e-con e-parent\" data-id=\"ef62b78\" data-element_type=\"container\">\n\t\t\t\t\t<div class=\"e-con-inner\">\n\t\t\t\t<div class=\"elementor-element elementor-element-2690eea elementor-widget elementor-widget-shortcode\" data-id=\"2690eea\" data-element_type=\"widget\" data-widget_type=\"shortcode.default\">\n\t\t\t\t<div class=\"elementor-widget-container\">\n\t\t\t\t\t\t\t<div class=\"elementor-shortcode\"><div class=\"_df_thumb \" id=\"df_5814\"  _slug=\"odullerimiz\" data-title=\"odullerimiz\" wpoptions=\"true\" thumb=\"https:\/\/www.hotelsu.com.tr\/wp-content\/uploads\/2019\/08\/Holiday-Check.png\" thumbtype=\"\" >\u00d6d\u00fcllerimiz<\/div><script class=\"df-shortcode-script\" nowprocket type=\"application\/javascript\">window.option_df_5814 = {\"outline\":[],\"autoEnableOutline\":\"false\",\"autoEnableThumbnail\":\"false\",\"overwritePDFOutline\":\"false\",\"backgroundImage\":\"https:\\\/\\\/www.hotelsu.com.tr\\\/wp-content\\\/uploads\\\/2019\\\/08\\\/Holiday-Check.png\",\"direction\":\"1\",\"pageSize\":\"0\",\"source\":\"https:\\\/\\\/www.hotelsu.com.tr\\\/wp-content\\\/uploads\\\/2026\\\/02\\\/Oduller.pdf\",\"wpOptions\":\"true\"}; if(window.DFLIP && window.DFLIP.parseBooks){window.DFLIP.parseBooks();}<\/script><\/div>\n\t\t\t\t\t\t<\/div>\n\t\t\t\t<\/div>\n\t\t\t\t\t<\/div>\n\t\t\t\t<\/div>\n\t\t<div class=\"elementor-element elementor-element-29eed77 e-flex e-con-boxed e-con e-parent\" data-id=\"29eed77\" data-element_type=\"container\">\n\t\t\t\t\t<div class=\"e-con-inner\">\n\t\t\t\t<div class=\"elementor-element elementor-element-d673e48 elementor-align-center elementor-widget elementor-widget-heading\" data-id=\"d673e48\" data-element_type=\"widget\" data-widget_type=\"heading.default\">\n\t\t\t\t<div class=\"elementor-widget-container\">\n\t\t\t\t\t<h2 class=\"elementor-heading-title elementor-size-default\">Sertifikalar ve Prosed\u00fcrler<\/h2>\t\t\t\t<\/div>\n\t\t\t\t<\/div>\n\t\t\t\t\t<\/div>\n\t\t\t\t<\/div>\n\t\t<div class=\"elementor-element elementor-element-b1067e7 e-flex e-con-boxed e-con e-parent\" data-id=\"b1067e7\" data-element_type=\"container\">\n\t\t\t\t\t<div class=\"e-con-inner\">\n\t\t<div class=\"elementor-element elementor-element-0c0e5b2 e-con-full e-flex e-con e-child\" data-id=\"0c0e5b2\" data-element_type=\"container\">\n\t\t\t\t<div class=\"elementor-element elementor-element-36a510c elementor-widget elementor-widget-shortcode\" data-id=\"36a510c\" data-element_type=\"widget\" data-widget_type=\"shortcode.default\">\n\t\t\t\t<div class=\"elementor-widget-container\">\n\t\t\t\t\t\t\t<div class=\"elementor-shortcode\"><div class=\"_df_thumb \" id=\"df_5825\"  _slug=\"enerji-politikamiz\" data-title=\"enerji-politikamiz\" wpoptions=\"true\" thumb=\"https:\/\/www.hotelsu.com.tr\/wp-content\/uploads\/2019\/08\/Enerji-Politikamiz-scaled.jpg\" thumbtype=\"\" >Enerji Politikam\u0131z<\/div><script class=\"df-shortcode-script\" nowprocket type=\"application\/javascript\">window.option_df_5825 = {\"outline\":[],\"autoEnableOutline\":\"false\",\"autoEnableThumbnail\":\"false\",\"overwritePDFOutline\":\"false\",\"backgroundImage\":\"https:\\\/\\\/www.hotelsu.com.tr\\\/wp-content\\\/uploads\\\/2019\\\/08\\\/Enerji-Politikamiz-scaled.jpg\",\"direction\":\"1\",\"pageSize\":\"0\",\"source\":\"https:\\\/\\\/www.hotelsu.com.tr\\\/wp-content\\\/uploads\\\/2019\\\/08\\\/Enerji-Politikamiz.pdf\",\"wpOptions\":\"true\"}; if(window.DFLIP && window.DFLIP.parseBooks){window.DFLIP.parseBooks();}<\/script><\/div>\n\t\t\t\t\t\t<\/div>\n\t\t\t\t<\/div>\n\t\t\t\t<\/div>\n\t\t<div class=\"elementor-element elementor-element-13a3f90 e-con-full e-flex e-con e-child\" data-id=\"13a3f90\" data-element_type=\"container\">\n\t\t\t\t<div class=\"elementor-element elementor-element-ac7ae77 elementor-widget elementor-widget-shortcode\" data-id=\"ac7ae77\" data-element_type=\"widget\" data-widget_type=\"shortcode.default\">\n\t\t\t\t<div class=\"elementor-widget-container\">\n\t\t\t\t\t\t\t<div class=\"elementor-shortcode\"><div class=\"_df_thumb \" id=\"df_5830\"  _slug=\"surdurulebilirlik-politikamiz\" data-title=\"surdurulebilirlik-politikamiz\" wpoptions=\"true\" thumb=\"https:\/\/www.hotelsu.com.tr\/wp-content\/uploads\/2019\/08\/Surdurulebilik-Politikamiz-scaled.jpg\" thumbtype=\"\" >S\u00fcrd\u00fcr\u00fclebilirlik Politikam\u0131z<\/div><script class=\"df-shortcode-script\" nowprocket type=\"application\/javascript\">window.option_df_5830 = {\"outline\":[],\"autoEnableOutline\":\"false\",\"autoEnableThumbnail\":\"false\",\"overwritePDFOutline\":\"false\",\"backgroundImage\":\"https:\\\/\\\/www.hotelsu.com.tr\\\/wp-content\\\/uploads\\\/2019\\\/08\\\/Surdurulebilik-Politikamiz-scaled.jpg\",\"direction\":\"1\",\"pageSize\":\"0\",\"source\":\"https:\\\/\\\/www.hotelsu.com.tr\\\/wp-content\\\/uploads\\\/2019\\\/08\\\/Surdurulebilik-Politikamiz.pdf\",\"wpOptions\":\"true\"}; if(window.DFLIP && window.DFLIP.parseBooks){window.DFLIP.parseBooks();}<\/script><\/div>\n\t\t\t\t\t\t<\/div>\n\t\t\t\t<\/div>\n\t\t\t\t<\/div>\n\t\t<div class=\"elementor-element elementor-element-5c8bb37 e-con-full e-flex e-con e-child\" data-id=\"5c8bb37\" data-element_type=\"container\">\n\t\t\t\t<div class=\"elementor-element elementor-element-75afb3e elementor-widget elementor-widget-shortcode\" data-id=\"75afb3e\" data-element_type=\"widget\" data-widget_type=\"shortcode.default\">\n\t\t\t\t<div class=\"elementor-widget-container\">\n\t\t\t\t\t\t\t<div class=\"elementor-shortcode\"><div class=\"_df_thumb \" id=\"df_5834\"  _slug=\"surdurulebilirlik-sertifikamiz\" data-title=\"surdurulebilirlik-sertifikamiz\" wpoptions=\"true\" thumb=\"https:\/\/www.hotelsu.com.tr\/wp-content\/uploads\/2019\/08\/Surdurulebilirlik-Sertifikasi.png\" thumbtype=\"\" >S\u00fcrd\u00fcr\u00fclebilirlik Sertifikam\u0131z<\/div><script class=\"df-shortcode-script\" nowprocket type=\"application\/javascript\">window.option_df_5834 = {\"outline\":[],\"autoEnableOutline\":\"false\",\"autoEnableThumbnail\":\"false\",\"overwritePDFOutline\":\"false\",\"backgroundImage\":\"https:\\\/\\\/www.hotelsu.com.tr\\\/wp-content\\\/uploads\\\/2019\\\/08\\\/Surdurulebilirlik-Sertifikasi.png\",\"direction\":\"1\",\"pageSize\":\"0\",\"source\":\"https:\\\/\\\/www.hotelsu.com.tr\\\/wp-content\\\/uploads\\\/2025\\\/05\\\/HotelsuSurdureSER-2025.pdf\",\"wpOptions\":\"true\"}; if(window.DFLIP && window.DFLIP.parseBooks){window.DFLIP.parseBooks();}<\/script><\/div>\n\t\t\t\t\t\t<\/div>\n\t\t\t\t<\/div>\n\t\t\t\t<\/div>\n\t\t\t\t\t<\/div>\n\t\t\t\t<\/div>\n\t\t<div class=\"elementor-element elementor-element-1157063 e-flex e-con-boxed e-con e-parent\" data-id=\"1157063\" data-element_type=\"container\">\n\t\t\t\t\t<div class=\"e-con-inner\">\n\t\t<div class=\"elementor-element elementor-element-5b409cc e-con-full e-flex e-con e-child\" data-id=\"5b409cc\" data-element_type=\"container\">\n\t\t\t\t<div class=\"elementor-element elementor-element-1c30228 elementor-widget elementor-widget-shortcode\" data-id=\"1c30228\" data-element_type=\"widget\" data-widget_type=\"shortcode.default\">\n\t\t\t\t<div class=\"elementor-widget-container\">\n\t\t\t\t\t\t\t<div class=\"elementor-shortcode\"><div class=\"_df_thumb \" id=\"df_6056\"  _slug=\"iso5001_2025\" data-title=\"iso50001_2025\" wpoptions=\"true\" thumb=\"https:\/\/www.hotelsu.com.tr\/wp-content\/uploads\/2025\/05\/Hotelsu_5001.png\" thumbtype=\"\" >ISO50001_2025<\/div><script class=\"df-shortcode-script\" nowprocket type=\"application\/javascript\">window.option_df_6056 = {\"outline\":[],\"autoEnableOutline\":\"false\",\"autoEnableThumbnail\":\"false\",\"overwritePDFOutline\":\"false\",\"direction\":\"1\",\"pageSize\":\"0\",\"source\":\"https:\\\/\\\/www.hotelsu.com.tr\\\/wp-content\\\/uploads\\\/2025\\\/05\\\/TURACLAR-HOTEL-SU_50001_2025.pdf\",\"wpOptions\":\"true\"}; if(window.DFLIP && window.DFLIP.parseBooks){window.DFLIP.parseBooks();}<\/script><\/div>\n\t\t\t\t\t\t<\/div>\n\t\t\t\t<\/div>\n\t\t\t\t<\/div>\n\t\t<div class=\"elementor-element elementor-element-03e7765 e-con-full e-flex e-con e-child\" data-id=\"03e7765\" data-element_type=\"container\">\n\t\t\t\t<div class=\"elementor-element elementor-element-28b5d2d elementor-widget elementor-widget-shortcode\" data-id=\"28b5d2d\" data-element_type=\"widget\" data-widget_type=\"shortcode.default\">\n\t\t\t\t<div class=\"elementor-widget-container\">\n\t\t\t\t\t\t\t<div class=\"elementor-shortcode\"><div class=\"_df_thumb \" id=\"df_5842\"  _slug=\"enerji-yonetim-sistemi-belgesi\" data-title=\"enerji-yonetim-sistemi-belgesi\" wpoptions=\"true\" thumb=\"https:\/\/www.hotelsu.com.tr\/wp-content\/uploads\/2019\/08\/img5-scaled.jpg\" thumbtype=\"\" >Enerji Y\u00f6netim Sistemi Belgesi<\/div><script class=\"df-shortcode-script\" nowprocket type=\"application\/javascript\">window.option_df_5842 = {\"outline\":[],\"autoEnableOutline\":\"false\",\"autoEnableThumbnail\":\"false\",\"overwritePDFOutline\":\"false\",\"backgroundImage\":\"https:\\\/\\\/www.hotelsu.com.tr\\\/wp-content\\\/uploads\\\/2019\\\/08\\\/img5-scaled.jpg\",\"direction\":\"1\",\"pageSize\":\"0\",\"source\":\"https:\\\/\\\/www.hotelsu.com.tr\\\/wp-content\\\/uploads\\\/2019\\\/08\\\/Enerji-Yonetim-Sistemi-Belgesi.pdf\",\"wpOptions\":\"true\"}; if(window.DFLIP && window.DFLIP.parseBooks){window.DFLIP.parseBooks();}<\/script><\/div>\n\t\t\t\t\t\t<\/div>\n\t\t\t\t<\/div>\n\t\t\t\t<\/div>\n\t\t<div class=\"elementor-element elementor-element-22c18aa e-con-full e-flex e-con e-child\" data-id=\"22c18aa\" data-element_type=\"container\">\n\t\t\t\t<div class=\"elementor-element elementor-element-9bb8d30 elementor-widget elementor-widget-shortcode\" data-id=\"9bb8d30\" data-element_type=\"widget\" data-widget_type=\"shortcode.default\">\n\t\t\t\t<div class=\"elementor-widget-container\">\n\t\t\t\t\t\t\t<div class=\"elementor-shortcode\"><div class=\"_df_thumb \" id=\"df_5849\"  _slug=\"surdurulebilirlik-raporumuz-2021-2022-2023\" data-title=\"surdurulebilirlik-raporumuz-2021-2022-2023-2024\" wpoptions=\"true\" thumb=\"https:\/\/www.hotelsu.com.tr\/wp-content\/uploads\/2019\/08\/img353.jpg\" thumbtype=\"\" >S\u00fcrd\u00fcr\u00fclebilirlik Raporumuz 2021-2022-2023-2024<\/div><script class=\"df-shortcode-script\" nowprocket type=\"application\/javascript\">window.option_df_5849 = {\"outline\":[],\"autoEnableOutline\":\"false\",\"autoEnableThumbnail\":\"false\",\"overwritePDFOutline\":\"false\",\"backgroundImage\":\"https:\\\/\\\/www.hotelsu.com.tr\\\/wp-content\\\/uploads\\\/2019\\\/08\\\/img353.jpg\",\"direction\":\"1\",\"pageSize\":\"0\",\"source\":\"https:\\\/\\\/www.hotelsu.com.tr\\\/wp-content\\\/uploads\\\/2025\\\/05\\\/SnsHtsSurdurulebilirlik01.05.2025.pdf\",\"wpOptions\":\"true\"}; if(window.DFLIP && window.DFLIP.parseBooks){window.DFLIP.parseBooks();}<\/script><\/div>\n\t\t\t\t\t\t<\/div>\n\t\t\t\t<\/div>\n\t\t\t\t<\/div>\n\t\t\t\t\t<\/div>\n\t\t\t\t<\/div>\n\t\t\t\t<\/div>\n\t\t","protected":false},"excerpt":{"rendered":"<p>\u00d6d\u00fcller Sertifikalar ve Prosed\u00fcrler<\/p>\n","protected":false},"author":1,"featured_media":0,"parent":0,"menu_order":0,"comment_status":"closed","ping_status":"closed","template":"","meta":{"inline_featured_image":false,"footnotes":""},"class_list":["post-5651","page","type-page","status-publish","hentry"],"_links":{"self":[{"href":"https:\/\/www.hotelsu.com.tr\/index.php\/wp-json\/wp\/v2\/pages\/5651","targetHints":{"allow":["GET"]}}],"collection":[{"href":"https:\/\/www.hotelsu.com.tr\/index.php\/wp-json\/wp\/v2\/pages"}],"about":[{"href":"https:\/\/www.hotelsu.com.tr\/index.php\/wp-json\/wp\/v2\/types\/page"}],"author":[{"embeddable":true,"href":"https:\/\/www.hotelsu.com.tr\/index.php\/wp-json\/wp\/v2\/users\/1"}],"replies":[{"embeddable":true,"href":"https:\/\/www.hotelsu.com.tr\/index.php\/wp-json\/wp\/v2\/comments?post=5651"}],"version-history":[{"count":40,"href":"https:\/\/www.hotelsu.com.tr\/index.php\/wp-json\/wp\/v2\/pages\/5651\/revisions"}],"predecessor-version":[{"id":6113,"href":"https:\/\/www.hotelsu.com.tr\/index.php\/wp-json\/wp\/v2\/pages\/5651\/revisions\/6113"}],"wp:attachment":[{"href":"https:\/\/www.hotelsu.com.tr\/index.php\/wp-json\/wp\/v2\/media?parent=5651"}],"curies":[{"name":"wp","href":"https:\/\/api.w.org\/{rel}","templated":true}]}}